{"id":85,"date":"2022-01-17T20:36:33","date_gmt":"2022-01-17T20:36:33","guid":{"rendered":"https:\/\/ensoulrecords.com\/?page_id=85"},"modified":"2024-09-11T21:03:34","modified_gmt":"2024-09-11T21:03:34","slug":"a-propos","status":"publish","type":"page","link":"https:\/\/ensoulrecords.com\/fr\/a-propos\/","title":{"rendered":"\u00c0 propos"},"content":{"rendered":"\n<h2 class=\"wp-block-heading\">Promouvoir la musique soul de Montr\u00e9al en collaborant avec des artistes authentiques.<\/h2>\n\n\n\n<p>Ensoul Records est un label de musique bas\u00e9 \u00e0 Montr\u00e9al qui se consacre \u00e0 la d\u00e9couverte, \u00e0 la promotion d&rsquo;artistes talentueux locaux et encourage les collaborations entre musiciens. Ensoul est passionn\u00e9 par la mise en avant de la vari\u00e9t\u00e9 musicale et culturelle qui est une des caract\u00e9ristiques propre de la ville de Montr\u00e9al. Nous soutenons les artistes et les musiciens par la promotion, la gestion de carri\u00e8re, la production de disques, la distribution et finalement la promotion de spectacles.<\/p>\n\n\n\n<h3 class=\"wp-block-heading\">\u00c9quipe<\/h3>\n\n\n\n<p><strong>Kevin Annocque &amp; Fabien Rousseau<\/strong><br>Co-Fondateurs<\/p>\n\n\n\n<p><strong>Laur\u00e8ne Godet<\/strong><br>Marketing &amp; Communication<\/p>\n\n\n\n<p><strong>Siou-Min Julien<\/strong><br>Directrice Artistique<\/p>\n\n\n\n<p><strong>Cassandra Lodin<\/strong><br>Administration<\/p>\n\n\n\n<p><strong>Kipola Wakilongo<\/strong><br>Gestionnaire de communaut\u00e9<br><\/p>\n","protected":false},"excerpt":{"rendered":"<p>Promouvoir la musique soul de Montr\u00e9al en collaborant avec des artistes authentiques. Ensoul Records est un label de musique bas\u00e9 \u00e0 Montr\u00e9al qui se consacre \u00e0 la d\u00e9couverte, \u00e0 la promotion d&rsquo;artistes talentueux locaux et encourage les collaborations entre musiciens. Ensoul est passionn\u00e9 par la mise en avant de la vari\u00e9t\u00e9 musicale et culturelle qui<a class=\"excerpt-read-more\" href=\"https:\/\/ensoulrecords.com\/fr\/a-propos\/\" title=\"Read\u00c0 propos\">&#8230; Read more &raquo;<\/a><\/p>\n","protected":false},"author":1,"featured_media":0,"parent":0,"menu_order":8,"comment_status":"closed","ping_status":"closed","template":"","meta":{"_acf_changed":false,"footnotes":""},"class_list":["post-85","page","type-page","status-publish","hentry"],"acf":[],"yoast_head":"<!-- This site is optimized with the Yoast SEO plugin v22.5 - https:\/\/yoast.com\/wordpress\/plugins\/seo\/ -->\n<title>\u00c0 propos - Ensoul Records<\/title>\n<meta name=\"robots\" content=\"index, follow, max-snippet:-1, max-image-preview:large, max-video-preview:-1\" \/>\n<link rel=\"canonical\" href=\"https:\/\/ensoulrecords.com\/fr\/a-propos\/\" \/>\n<meta property=\"og:locale\" content=\"fr_FR\" \/>\n<meta property=\"og:type\" content=\"article\" \/>\n<meta property=\"og:title\" content=\"\u00c0 propos - Ensoul Records\" \/>\n<meta property=\"og:description\" content=\"Promouvoir la musique soul de Montr\u00e9al en collaborant avec des artistes authentiques. Ensoul Records est un label de musique bas\u00e9 \u00e0 Montr\u00e9al qui se consacre \u00e0 la d\u00e9couverte, \u00e0 la promotion d&rsquo;artistes talentueux locaux et encourage les collaborations entre musiciens. Ensoul est passionn\u00e9 par la mise en avant de la vari\u00e9t\u00e9 musicale et culturelle qui... Read more &raquo;\" \/>\n<meta property=\"og:url\" content=\"https:\/\/ensoulrecords.com\/fr\/a-propos\/\" \/>\n<meta property=\"og:site_name\" content=\"Ensoul Records\" \/>\n<meta property=\"article:publisher\" content=\"https:\/\/www.facebook.com\/EnsoulRecords\/\" \/>\n<meta property=\"article:modified_time\" content=\"2024-09-11T21:03:34+00:00\" \/>\n<meta name=\"twitter:card\" content=\"summary_large_image\" \/>\n<meta name=\"twitter:site\" content=\"@Ensoul_records\" \/>\n<meta name=\"twitter:label1\" content=\"Dur\u00e9e de lecture estim\u00e9e\" \/>\n\t<meta name=\"twitter:data1\" content=\"1 minute\" \/>\n<script type=\"application\/ld+json\" class=\"yoast-schema-graph\">{\"@context\":\"https:\/\/schema.org\",\"@graph\":[{\"@type\":\"WebPage\",\"@id\":\"https:\/\/ensoulrecords.com\/fr\/a-propos\/\",\"url\":\"https:\/\/ensoulrecords.com\/fr\/a-propos\/\",\"name\":\"\u00c0 propos - Ensoul Records\",\"isPartOf\":{\"@id\":\"https:\/\/ensoulrecords.com\/#website\"},\"datePublished\":\"2022-01-17T20:36:33+00:00\",\"dateModified\":\"2024-09-11T21:03:34+00:00\",\"breadcrumb\":{\"@id\":\"https:\/\/ensoulrecords.com\/fr\/a-propos\/#breadcrumb\"},\"inLanguage\":\"fr-FR\",\"potentialAction\":[{\"@type\":\"ReadAction\",\"target\":[\"https:\/\/ensoulrecords.com\/fr\/a-propos\/\"]}]},{\"@type\":\"BreadcrumbList\",\"@id\":\"https:\/\/ensoulrecords.com\/fr\/a-propos\/#breadcrumb\",\"itemListElement\":[{\"@type\":\"ListItem\",\"position\":1,\"name\":\"Home\",\"item\":\"https:\/\/ensoulrecords.com\/fr\/\"},{\"@type\":\"ListItem\",\"position\":2,\"name\":\"\u00c0 propos\"}]},{\"@type\":\"WebSite\",\"@id\":\"https:\/\/ensoulrecords.com\/#website\",\"url\":\"https:\/\/ensoulrecords.com\/\",\"name\":\"Ensoul Records\",\"description\":\"Promoting Montreal\u2019s soulful music by collaborating with genuine artists\",\"publisher\":{\"@id\":\"https:\/\/ensoulrecords.com\/#organization\"},\"potentialAction\":[{\"@type\":\"SearchAction\",\"target\":{\"@type\":\"EntryPoint\",\"urlTemplate\":\"https:\/\/ensoulrecords.com\/?s={search_term_string}\"},\"query-input\":\"required name=search_term_string\"}],\"inLanguage\":\"fr-FR\"},{\"@type\":\"Organization\",\"@id\":\"https:\/\/ensoulrecords.com\/#organization\",\"name\":\"Ensoul Records\",\"url\":\"https:\/\/ensoulrecords.com\/\",\"logo\":{\"@type\":\"ImageObject\",\"inLanguage\":\"fr-FR\",\"@id\":\"https:\/\/ensoulrecords.com\/#\/schema\/logo\/image\/\",\"url\":\"https:\/\/ensoulrecords.com\/wp-content\/uploads\/2022\/06\/logo-ensoul-1000x1000px-blanc.png\",\"contentUrl\":\"https:\/\/ensoulrecords.com\/wp-content\/uploads\/2022\/06\/logo-ensoul-1000x1000px-blanc.png\",\"width\":2083,\"height\":2083,\"caption\":\"Ensoul Records\"},\"image\":{\"@id\":\"https:\/\/ensoulrecords.com\/#\/schema\/logo\/image\/\"},\"sameAs\":[\"https:\/\/www.facebook.com\/EnsoulRecords\/\",\"https:\/\/x.com\/Ensoul_records\",\"https:\/\/www.instagram.com\/ensoulrecords\"]}]}<\/script>\n<!-- \/ Yoast SEO plugin. -->","yoast_head_json":{"title":"\u00c0 propos - Ensoul Records","robots":{"index":"index","follow":"follow","max-snippet":"max-snippet:-1","max-image-preview":"max-image-preview:large","max-video-preview":"max-video-preview:-1"},"canonical":"https:\/\/ensoulrecords.com\/fr\/a-propos\/","og_locale":"fr_FR","og_type":"article","og_title":"\u00c0 propos - Ensoul Records","og_description":"Promouvoir la musique soul de Montr\u00e9al en collaborant avec des artistes authentiques. Ensoul Records est un label de musique bas\u00e9 \u00e0 Montr\u00e9al qui se consacre \u00e0 la d\u00e9couverte, \u00e0 la promotion d&rsquo;artistes talentueux locaux et encourage les collaborations entre musiciens. Ensoul est passionn\u00e9 par la mise en avant de la vari\u00e9t\u00e9 musicale et culturelle qui... Read more &raquo;","og_url":"https:\/\/ensoulrecords.com\/fr\/a-propos\/","og_site_name":"Ensoul Records","article_publisher":"https:\/\/www.facebook.com\/EnsoulRecords\/","article_modified_time":"2024-09-11T21:03:34+00:00","twitter_card":"summary_large_image","twitter_site":"@Ensoul_records","twitter_misc":{"Dur\u00e9e de lecture estim\u00e9e":"1 minute"},"schema":{"@context":"https:\/\/schema.org","@graph":[{"@type":"WebPage","@id":"https:\/\/ensoulrecords.com\/fr\/a-propos\/","url":"https:\/\/ensoulrecords.com\/fr\/a-propos\/","name":"\u00c0 propos - Ensoul Records","isPartOf":{"@id":"https:\/\/ensoulrecords.com\/#website"},"datePublished":"2022-01-17T20:36:33+00:00","dateModified":"2024-09-11T21:03:34+00:00","breadcrumb":{"@id":"https:\/\/ensoulrecords.com\/fr\/a-propos\/#breadcrumb"},"inLanguage":"fr-FR","potentialAction":[{"@type":"ReadAction","target":["https:\/\/ensoulrecords.com\/fr\/a-propos\/"]}]},{"@type":"BreadcrumbList","@id":"https:\/\/ensoulrecords.com\/fr\/a-propos\/#breadcrumb","itemListElement":[{"@type":"ListItem","position":1,"name":"Home","item":"https:\/\/ensoulrecords.com\/fr\/"},{"@type":"ListItem","position":2,"name":"\u00c0 propos"}]},{"@type":"WebSite","@id":"https:\/\/ensoulrecords.com\/#website","url":"https:\/\/ensoulrecords.com\/","name":"Ensoul Records","description":"Promoting Montreal\u2019s soulful music by collaborating with genuine artists","publisher":{"@id":"https:\/\/ensoulrecords.com\/#organization"},"potentialAction":[{"@type":"SearchAction","target":{"@type":"EntryPoint","urlTemplate":"https:\/\/ensoulrecords.com\/?s={search_term_string}"},"query-input":"required name=search_term_string"}],"inLanguage":"fr-FR"},{"@type":"Organization","@id":"https:\/\/ensoulrecords.com\/#organization","name":"Ensoul Records","url":"https:\/\/ensoulrecords.com\/","logo":{"@type":"ImageObject","inLanguage":"fr-FR","@id":"https:\/\/ensoulrecords.com\/#\/schema\/logo\/image\/","url":"https:\/\/ensoulrecords.com\/wp-content\/uploads\/2022\/06\/logo-ensoul-1000x1000px-blanc.png","contentUrl":"https:\/\/ensoulrecords.com\/wp-content\/uploads\/2022\/06\/logo-ensoul-1000x1000px-blanc.png","width":2083,"height":2083,"caption":"Ensoul Records"},"image":{"@id":"https:\/\/ensoulrecords.com\/#\/schema\/logo\/image\/"},"sameAs":["https:\/\/www.facebook.com\/EnsoulRecords\/","https:\/\/x.com\/Ensoul_records","https:\/\/www.instagram.com\/ensoulrecords"]}]}},"_links":{"self":[{"href":"https:\/\/ensoulrecords.com\/fr\/wp-json\/wp\/v2\/pages\/85","targetHints":{"allow":["GET"]}}],"collection":[{"href":"https:\/\/ensoulrecords.com\/fr\/wp-json\/wp\/v2\/pages"}],"about":[{"href":"https:\/\/ensoulrecords.com\/fr\/wp-json\/wp\/v2\/types\/page"}],"author":[{"embeddable":true,"href":"https:\/\/ensoulrecords.com\/fr\/wp-json\/wp\/v2\/users\/1"}],"replies":[{"embeddable":true,"href":"https:\/\/ensoulrecords.com\/fr\/wp-json\/wp\/v2\/comments?post=85"}],"version-history":[{"count":5,"href":"https:\/\/ensoulrecords.com\/fr\/wp-json\/wp\/v2\/pages\/85\/revisions"}],"predecessor-version":[{"id":3456,"href":"https:\/\/ensoulrecords.com\/fr\/wp-json\/wp\/v2\/pages\/85\/revisions\/3456"}],"wp:attachment":[{"href":"https:\/\/ensoulrecords.com\/fr\/wp-json\/wp\/v2\/media?parent=85"}],"curies":[{"name":"wp","href":"https:\/\/api.w.org\/{rel}","templated":true}]}}